{"id":5,"date":"2023-05-16T15:05:57","date_gmt":"2023-05-16T18:05:57","guid":{"rendered":"https:\/\/lapnem-facfan.draconis.ufms.br\/?page_id=5"},"modified":"2023-05-19T09:38:36","modified_gmt":"2023-05-19T13:38:36","slug":"pagina-inicial","status":"publish","type":"page","link":"https:\/\/lapnem-facfan.ufms.br\/en\/","title":{"rendered":"P\u00e1gina inicial"},"content":{"rendered":"<p dir=\"ltr\" style=\"text-align: justify\"><strong><img decoding=\"async\" class=\"alignleft wp-image-92\" src=\"https:\/\/lapnem-facfan.ufms.br\/files\/2023\/05\/Imagem1-300x225.jpg\" alt=\"\" width=\"232\" height=\"174\" srcset=\"https:\/\/lapnem-facfan.ufms.br\/files\/2023\/05\/Imagem1-300x225.jpg 300w, https:\/\/lapnem-facfan.ufms.br\/files\/2023\/05\/Imagem1-427x320.jpg 427w, https:\/\/lapnem-facfan.ufms.br\/files\/2023\/05\/Imagem1.jpg 699w\" sizes=\"(max-width: 232px) 100vw, 232px\" \/><img decoding=\"async\" class=\"alignleft wp-image-47\" src=\"https:\/\/lapnem-facfan.ufms.br\/files\/2023\/05\/MS-foto-1-169x300.jpeg\" alt=\"\" width=\"98\" height=\"174\" srcset=\"https:\/\/lapnem-facfan.ufms.br\/files\/2023\/05\/MS-foto-1-169x300.jpeg 169w, https:\/\/lapnem-facfan.ufms.br\/files\/2023\/05\/MS-foto-1-576x1024.jpeg 576w, https:\/\/lapnem-facfan.ufms.br\/files\/2023\/05\/MS-foto-1-180x320.jpeg 180w, https:\/\/lapnem-facfan.ufms.br\/files\/2023\/05\/MS-foto-1.jpeg 720w\" sizes=\"(max-width: 98px) 100vw, 98px\" \/>LaPNEM &#8211; Laborat\u00f3rio de Produtos Naturais e Espectrometria de Massas<\/strong><\/p>\n<p dir=\"ltr\" style=\"text-align: justify\">\u00c9 um laborat\u00f3rio multiusu\u00e1rio de reconhecimento nacional e internacional. Atualmente, diversos equipamentos alocados no LaPNEM s\u00e3o utilizados em pesquisas de docentes da UFMS e de outras institui\u00e7\u00f5es brasileiras. \u00c9 um laborat\u00f3rio voltado para an\u00e1lises metabol\u00f4micas aplicando dados de espectrometria de massas e t\u00e9cnicas cl\u00e1ssicas aplicadas em qu\u00edmica de produtos naturais oriundos da fauna , flora e microrganismos.<\/p>\n<p dir=\"ltr\" style=\"text-align: justify\"><span style=\"color: #000080\"><strong>Esse site se destina \u00e0 realiza\u00e7\u00e3o da an\u00e1lises de amostras atrav\u00e9s de espectrometria de massas\u00a0 de alta resolu\u00e7\u00e3o, \u00e0 docentes, pesquisadores, t\u00e9cnicos e alunos de P\u00f3s-Gradua\u00e7\u00e3o e de Gradua\u00e7\u00e3o vinculados \u00e0 Universidade Federal de Mato Grosso do Sul (UFMS) ou a outras Institui\u00e7\u00f5es de Ensino e Pesquisa, p\u00fablicas ou privadas, que estejam desenvolvendo projetos de pesquisa, ensino ou extens\u00e3o. As an\u00e1lises ser\u00e3o feitas mediante aprova\u00e7\u00e3o da solicita\u00e7\u00e3o atrav\u00e9s do formul\u00e1rio disponibilizado na p\u00e1gina.<\/strong><\/span><\/p>\n<p dir=\"ltr\" style=\"text-align: justify\"><strong>O que \u00e9 Espectrometria de Massas?\u00a0\u00a0\u00a0\u00a0<\/strong><\/p>\n<p dir=\"ltr\" style=\"text-align: justify\">A espectrometria de massas (EM)\u00a0 \u00e9 uma t\u00e9cnica microanal\u00edtica utilizada para obter informa\u00e7\u00e3o da massa molecular, identificar compostos desconhecidos e dar caracter\u00edsticas estruturais da amostra. EM \u00e9 baseada na ioniza\u00e7\u00e3o e fragmenta\u00e7\u00e3o de mol\u00e9culas da amostra na fase gasosa. O padr\u00e3o de fragmenta\u00e7\u00e3o dos \u00edons pode ser usado para obter informa\u00e7\u00f5es estruturais para uma determinada mol\u00e9cula. No LaPNEM o espectr\u00f4metro de massas \u00e9 acoplado \u00e0 cromatografia l\u00edquida de alta efici\u00eancia e detector de arranjos de diodo (CLAE-DAD), e \u00e9 usado como detector junto ao DAD; ou seja, a separa\u00e7\u00e3o da amostra \u00e9 alcan\u00e7ada por cromatografia e os compostos separados entram no espectr\u00f4metro de massas sequencialmente para ioniza\u00e7\u00e3o, separa\u00e7\u00e3o e detec\u00e7\u00e3o dos \u00edons gerados. Acoplar o sistema de cromatografia ao espectr\u00f4metro de massas produz tr\u00eas informa\u00e7\u00f5es para cada an\u00e1lise: tempo de reten\u00e7\u00e3o, informa\u00e7\u00e3o espectral de massa e UV para cada composto separado, os quais podem ser usados para compara\u00e7\u00e3o com padr\u00f5es de refer\u00eancia e dados da literatura.<\/p>\n<p dir=\"ltr\" style=\"text-align: justify\"><strong>O equipamento<\/strong><\/p>\n<p style=\"text-align: justify\"><strong>CLAE-DAD-EM &#8211; cromat\u00f3grafo l\u00edquido de alta efici\u00eancia acoplado ao detector de arranjo de diodos e espectr\u00f4metro de massas<\/strong><\/p>\n<p style=\"text-align: justify\">Cromat\u00f3grafo UFLC LC-20AD Shimadzu Prominence acoplado a um detector de arranjo de diodos (DAD) e a um espectr\u00f4metro de massas de alta resolu\u00e7\u00e3o com fonte de ioniza\u00e7\u00e3o por eletrospray (ESI) e analisador do tipo quadrupolo e de tempo de voo (MicrOTOF-Q III \u2013 Bruker Daltonics, Billerica, MA, USA).<\/p>\n<p>Outras informa\u00e7\u00f5es sobre o laborat\u00f3rio e o equipamento est\u00e3o dispon\u00edveis na Plataforma Nacional de Infraestrutura de Pesquisa MCTI (<a href=\"https:\/\/pnipe.mctic.gov.br\/search?term=lapnem&amp;type=LAB\">https:\/\/pnipe.mctic.gov.br\/search?term=lapnem&amp;type=LAB<\/a>)<\/p>\n<p>&nbsp;<\/p>\n<p>&nbsp;<\/p>\n<p><strong>Equipe t\u00e9cnica respons\u00e1vel:<\/strong><\/p>\n<p>Prof\u00ba Dr. Carlos Alexandre Carollo (carlos.carollo@ufms.br)<\/p>\n<p>Prof\u00aa Dra. Denise Brentan da Silva (denise.brentan@ufms.br)<\/p>\n<p>T\u00e9cnica Dra. Nadla Soares Cassemiro (nadla.cassemiro@ufms.br)<\/p>\n<p>T\u00e9cnica Me. Amanda Galdi Boaretto (amanda.boaretto@ufms.br)<\/p>\n<p>&nbsp;<\/p>\n","protected":false},"excerpt":{"rendered":"<p>LaPNEM &#8211; Laborat\u00f3rio de Produtos Naturais e Espectrometria de Massas \u00c9 um laborat\u00f3rio multiusu\u00e1rio de reconhecimento nacional e internacional. Atualmente, diversos equipamentos alocados no LaPNEM s\u00e3o utilizados em pesquisas de docentes da UFMS e de outras institui\u00e7\u00f5es brasileiras. \u00c9 um laborat\u00f3rio voltado para an\u00e1lises metabol\u00f4micas aplicando dados de espectrometria de massas e t\u00e9cnicas cl\u00e1ssicas aplicadas [&hellip;]<\/p>\n","protected":false},"author":14859,"featured_media":46,"parent":0,"menu_order":0,"comment_status":"closed","ping_status":"closed","template":"page-templates\/page-home.php","meta":{"footnotes":""},"coauthors":[],"class_list":["post-5","page","type-page","status-publish","has-post-thumbnail","hentry"],"_links":{"self":[{"href":"https:\/\/lapnem-facfan.ufms.br\/en\/wp-json\/wp\/v2\/pages\/5","targetHints":{"allow":["GET"]}}],"collection":[{"href":"https:\/\/lapnem-facfan.ufms.br\/en\/wp-json\/wp\/v2\/pages"}],"about":[{"href":"https:\/\/lapnem-facfan.ufms.br\/en\/wp-json\/wp\/v2\/types\/page"}],"author":[{"embeddable":true,"href":"https:\/\/lapnem-facfan.ufms.br\/en\/wp-json\/wp\/v2\/users\/14859"}],"replies":[{"embeddable":true,"href":"https:\/\/lapnem-facfan.ufms.br\/en\/wp-json\/wp\/v2\/comments?post=5"}],"version-history":[{"count":27,"href":"https:\/\/lapnem-facfan.ufms.br\/en\/wp-json\/wp\/v2\/pages\/5\/revisions"}],"predecessor-version":[{"id":125,"href":"https:\/\/lapnem-facfan.ufms.br\/en\/wp-json\/wp\/v2\/pages\/5\/revisions\/125"}],"wp:featuredmedia":[{"embeddable":true,"href":"https:\/\/lapnem-facfan.ufms.br\/en\/wp-json\/wp\/v2\/media\/46"}],"wp:attachment":[{"href":"https:\/\/lapnem-facfan.ufms.br\/en\/wp-json\/wp\/v2\/media?parent=5"}],"wp:term":[{"taxonomy":"author","embeddable":true,"href":"https:\/\/lapnem-facfan.ufms.br\/en\/wp-json\/wp\/v2\/coauthors?post=5"}],"curies":[{"name":"wp","href":"https:\/\/api.w.org\/{rel}","templated":true}]}}