{"id":59,"date":"2023-05-18T14:29:34","date_gmt":"2023-05-18T18:29:34","guid":{"rendered":"https:\/\/lapnem-facfan.ufms.br\/?page_id=59"},"modified":"2024-03-25T09:44:42","modified_gmt":"2024-03-25T13:44:42","slug":"formularios","status":"publish","type":"page","link":"https:\/\/lapnem-facfan.ufms.br\/en\/formularios\/","title":{"rendered":"Agendamento aqui"},"content":{"rendered":"<p><strong>1- Cadastro de amostras para an\u00e1lise por HPLC-DAD-MS<\/strong><\/p>\n<p>Acesso ao formul\u00e1rio clique <a href=\"https:\/\/docs.google.com\/forms\/u\/1\/d\/1hFzKtSGFjacqWKPQzC8EoCjvDFV6syDNXZIH338w9mI\/viewform?usp=send_form\" target=\"_blank\" rel=\"noopener\">AQUI<\/a><\/p>\n<p>&nbsp;<\/p>\n<p><strong>2- Cadastro de amostras para an\u00e1lise por INFUS\u00c3O DIRETA (MS)<\/strong><\/p>\n<p>Acesso ao formul\u00e1rio clique <a href=\"https:\/\/docs.google.com\/forms\/d\/1tNfXrBU35OTAGK8YeQoxM2EOZdpzwwWAtmYwIBAJJ9s\/viewform?usp=send_form\" target=\"_blank\" rel=\"noopener\">AQUI<\/a><\/p>\n<p>&nbsp;<\/p>\n<p>&nbsp;<\/p>\n","protected":false},"excerpt":{"rendered":"<p>1- Cadastro de amostras para an\u00e1lise por HPLC-DAD-MS Acesso ao formul\u00e1rio clique AQUI &nbsp; 2- Cadastro de amostras para an\u00e1lise por INFUS\u00c3O DIRETA (MS) Acesso ao formul\u00e1rio clique AQUI &nbsp; &nbsp;<\/p>\n","protected":false},"author":2573,"featured_media":0,"parent":0,"menu_order":0,"comment_status":"closed","ping_status":"closed","template":"","meta":{"footnotes":""},"coauthors":[],"class_list":["post-59","page","type-page","status-publish","hentry"],"_links":{"self":[{"href":"https:\/\/lapnem-facfan.ufms.br\/en\/wp-json\/wp\/v2\/pages\/59","targetHints":{"allow":["GET"]}}],"collection":[{"href":"https:\/\/lapnem-facfan.ufms.br\/en\/wp-json\/wp\/v2\/pages"}],"about":[{"href":"https:\/\/lapnem-facfan.ufms.br\/en\/wp-json\/wp\/v2\/types\/page"}],"author":[{"embeddable":true,"href":"https:\/\/lapnem-facfan.ufms.br\/en\/wp-json\/wp\/v2\/users\/2573"}],"replies":[{"embeddable":true,"href":"https:\/\/lapnem-facfan.ufms.br\/en\/wp-json\/wp\/v2\/comments?post=59"}],"version-history":[{"count":9,"href":"https:\/\/lapnem-facfan.ufms.br\/en\/wp-json\/wp\/v2\/pages\/59\/revisions"}],"predecessor-version":[{"id":184,"href":"https:\/\/lapnem-facfan.ufms.br\/en\/wp-json\/wp\/v2\/pages\/59\/revisions\/184"}],"wp:attachment":[{"href":"https:\/\/lapnem-facfan.ufms.br\/en\/wp-json\/wp\/v2\/media?parent=59"}],"wp:term":[{"taxonomy":"author","embeddable":true,"href":"https:\/\/lapnem-facfan.ufms.br\/en\/wp-json\/wp\/v2\/coauthors?post=59"}],"curies":[{"name":"wp","href":"https:\/\/api.w.org\/{rel}","templated":true}]}}