{"id":62,"date":"2023-05-18T14:34:33","date_gmt":"2023-05-18T18:34:33","guid":{"rendered":"https:\/\/lapnem-facfan.ufms.br\/?page_id=62"},"modified":"2023-05-19T08:51:56","modified_gmt":"2023-05-19T12:51:56","slug":"metodos","status":"publish","type":"page","link":"https:\/\/lapnem-facfan.ufms.br\/en\/metodos\/","title":{"rendered":"M\u00e9todos"},"content":{"rendered":"<p style=\"text-align: justify\"><strong><img decoding=\"async\" class=\"alignleft wp-image-92\" src=\"https:\/\/lapnem-facfan.ufms.br\/files\/2023\/05\/Imagem1-300x225.jpg\" alt=\"\" width=\"218\" height=\"163\" srcset=\"https:\/\/lapnem-facfan.ufms.br\/files\/2023\/05\/Imagem1-300x225.jpg 300w, https:\/\/lapnem-facfan.ufms.br\/files\/2023\/05\/Imagem1-427x320.jpg 427w, https:\/\/lapnem-facfan.ufms.br\/files\/2023\/05\/Imagem1.jpg 699w\" sizes=\"(max-width: 218px) 100vw, 218px\" \/><img decoding=\"async\" class=\"wp-image-47 alignleft\" src=\"https:\/\/lapnem-facfan.ufms.br\/files\/2023\/05\/MS-foto-1-169x300.jpeg\" alt=\"\" width=\"91\" height=\"161\" srcset=\"https:\/\/lapnem-facfan.ufms.br\/files\/2023\/05\/MS-foto-1-169x300.jpeg 169w, https:\/\/lapnem-facfan.ufms.br\/files\/2023\/05\/MS-foto-1-576x1024.jpeg 576w, https:\/\/lapnem-facfan.ufms.br\/files\/2023\/05\/MS-foto-1-180x320.jpeg 180w, https:\/\/lapnem-facfan.ufms.br\/files\/2023\/05\/MS-foto-1.jpeg 720w\" sizes=\"(max-width: 91px) 100vw, 91px\" \/><\/strong><\/p>\n<p style=\"text-align: left\"><strong>1- CLAE-DAD-EM<\/strong><\/p>\n<p style=\"text-align: justify\">Cromat\u00f3grafo UFLC Shimadzu LC-20AD acoplado a detectores DAD e IES-Q-QTOF microTOFIII (Bruker Daltonics), monitorado entre 240-800nm e operado em modo de ioniza\u00e7\u00e3o positivo (m\/z 120-1300).<\/p>\n<p style=\"text-align: justify\">Utiliza-se gradiente de elui\u00e7\u00e3o com \u00e1gua (fase A) e acetonitrila (fase B), ambos com 0,1% de \u00e1cido f\u00f3rmico.<\/p>\n<p>&nbsp;<\/p>\n<p style=\"text-align: justify\">Gradiente: 2min- fase B- 3%; 25min- fase B- 25%; 40min- fase B- 80%; 43min- fase B- 80%; 44min- fase B- 3%; 48min- fim<\/p>\n<p style=\"text-align: justify\">Vaz\u00e3o: 0,3mL\/min<\/p>\n<p style=\"text-align: justify\">Temperatura coluna:\u00a050\u00b0C<\/p>\n<p style=\"text-align: justify\">Coluna Kinetex 2.6\u00b5\u00a0\u00a0C18 100A, 150 x 2.1 mm<\/p>\n<p>&nbsp;<\/p>\n<p style=\"text-align: justify\"><strong><img decoding=\"async\" class=\"alignleft wp-image-94\" src=\"https:\/\/lapnem-facfan.ufms.br\/files\/2023\/05\/Imagem2-225x300.jpg\" alt=\"\" width=\"130\" height=\"174\" srcset=\"https:\/\/lapnem-facfan.ufms.br\/files\/2023\/05\/Imagem2-225x300.jpg 225w, https:\/\/lapnem-facfan.ufms.br\/files\/2023\/05\/Imagem2-240x320.jpg 240w, https:\/\/lapnem-facfan.ufms.br\/files\/2023\/05\/Imagem2.jpg 393w\" sizes=\"(max-width: 130px) 100vw, 130px\" \/><\/strong><\/p>\n<p>&nbsp;<\/p>\n<p style=\"text-align: justify\"><strong>2- Infus\u00e3o direta (sem CLAE)<\/strong><\/p>\n<p style=\"text-align: justify\">\u00c9 realizada infus\u00e3o direta atrav\u00e9s do IES-Q-QTOF-microTOF III do Espectr\u00f4meto de Massas (Bruker Daltonics), operado em modo de ioniza\u00e7\u00e3o positivo ou negativo (m\/z 120-1200).<\/p>\n<p style=\"text-align: justify\">Quadruplo &#8211; Ion Energy 5,0 eV;<\/p>\n<p style=\"text-align: justify\">Collision Cell- Collision Energy 10eV.<\/p>\n<p>&nbsp;<\/p>\n<p>&nbsp;<\/p>\n<p style=\"text-align: justify\"><strong><img loading=\"lazy\" decoding=\"async\" class=\"alignleft wp-image-95\" src=\"https:\/\/lapnem-facfan.ufms.br\/files\/2023\/05\/Imagem3-300x225.jpg\" alt=\"\" width=\"223\" height=\"168\" srcset=\"https:\/\/lapnem-facfan.ufms.br\/files\/2023\/05\/Imagem3-300x225.jpg 300w, https:\/\/lapnem-facfan.ufms.br\/files\/2023\/05\/Imagem3-427x320.jpg 427w, https:\/\/lapnem-facfan.ufms.br\/files\/2023\/05\/Imagem3.jpg 504w\" sizes=\"(max-width: 223px) 100vw, 223px\" \/> <img loading=\"lazy\" decoding=\"async\" class=\"alignleft wp-image-94\" src=\"https:\/\/lapnem-facfan.ufms.br\/files\/2023\/05\/Imagem2-225x300.jpg\" alt=\"\" width=\"125\" height=\"166\" srcset=\"https:\/\/lapnem-facfan.ufms.br\/files\/2023\/05\/Imagem2-225x300.jpg 225w, https:\/\/lapnem-facfan.ufms.br\/files\/2023\/05\/Imagem2-240x320.jpg 240w, https:\/\/lapnem-facfan.ufms.br\/files\/2023\/05\/Imagem2.jpg 393w\" sizes=\"(max-width: 125px) 100vw, 125px\" \/><\/strong><\/p>\n<p style=\"text-align: justify\"><strong>3- Infus\u00e3o direta (com CLAE)<\/strong><\/p>\n<p style=\"text-align: justify\">\u00c9 realizada atrav\u00e9s do Cromat\u00f3grafo UFLC Shimadzu LC-20AD, acoplado ao detector IES-Q-QTOF-microTOF III do Espectr\u00f4meto de Massas (Bruker Daltonics), operado em modo de ioniza\u00e7\u00e3o positivo ou negativo (m\/z 120-1200). O\u00a0 gradiente de elui\u00e7\u00e3o \u00e9 composto de \u00e1gua (fase A) e acetonitrila (fase B), ambos com 0.1% de \u00e1cido f\u00f3mico, <span class=\"il\">m\u00e9todo<\/span> isocr\u00e1tico 50%, vaz\u00e3o 0,1 mL\/min, corrida de 3 minutos.<\/p>\n<p style=\"text-align: justify\">Quadruplo &#8211; Ion Energy 5,0 eV;<\/p>\n<p style=\"text-align: justify\">Collision Cell- Collision Energy 10eV.<\/p>\n<p>&nbsp;<\/p>\n<p style=\"text-align: justify\"><span style=\"color: #0000ff\"><span class=\"C9DxTc \">*Segue abaixo uma planilha do excel para c\u00e1lculo autom\u00e1tico da massa molecular monoisot\u00f3pica de compostos puros. <\/span><span class=\"C9DxTc \">Para utiliz\u00e1-la, clique em habilitar conte\u00fado, copie e cole a primeira linha e altere para f\u00f3rmula molecular desejada.<\/span><\/span><\/p>\n<p style=\"text-align: justify\"><strong><a href=\"https:\/\/lapnem-facfan.ufms.br\/files\/2023\/05\/MoleMass_calculator_2.0-3.xlsm\">MoleMass_calculator_2.0 (3)<\/a><\/strong><\/p>\n<p>&nbsp;<\/p>\n<p>&nbsp;<\/p>\n","protected":false},"excerpt":{"rendered":"<p>1- CLAE-DAD-EM Cromat\u00f3grafo UFLC Shimadzu LC-20AD acoplado a detectores DAD e IES-Q-QTOF microTOFIII (Bruker Daltonics), monitorado entre 240-800nm e operado em modo de ioniza\u00e7\u00e3o positivo (m\/z 120-1300). Utiliza-se gradiente de elui\u00e7\u00e3o com \u00e1gua (fase A) e acetonitrila (fase B), ambos com 0,1% de \u00e1cido f\u00f3rmico. &nbsp; Gradiente: 2min- fase B- 3%; 25min- fase B- 25%; [&hellip;]<\/p>\n","protected":false},"author":2573,"featured_media":0,"parent":0,"menu_order":0,"comment_status":"closed","ping_status":"closed","template":"","meta":{"footnotes":""},"coauthors":[],"class_list":["post-62","page","type-page","status-publish","hentry"],"_links":{"self":[{"href":"https:\/\/lapnem-facfan.ufms.br\/en\/wp-json\/wp\/v2\/pages\/62","targetHints":{"allow":["GET"]}}],"collection":[{"href":"https:\/\/lapnem-facfan.ufms.br\/en\/wp-json\/wp\/v2\/pages"}],"about":[{"href":"https:\/\/lapnem-facfan.ufms.br\/en\/wp-json\/wp\/v2\/types\/page"}],"author":[{"embeddable":true,"href":"https:\/\/lapnem-facfan.ufms.br\/en\/wp-json\/wp\/v2\/users\/2573"}],"replies":[{"embeddable":true,"href":"https:\/\/lapnem-facfan.ufms.br\/en\/wp-json\/wp\/v2\/comments?post=62"}],"version-history":[{"count":28,"href":"https:\/\/lapnem-facfan.ufms.br\/en\/wp-json\/wp\/v2\/pages\/62\/revisions"}],"predecessor-version":[{"id":108,"href":"https:\/\/lapnem-facfan.ufms.br\/en\/wp-json\/wp\/v2\/pages\/62\/revisions\/108"}],"wp:attachment":[{"href":"https:\/\/lapnem-facfan.ufms.br\/en\/wp-json\/wp\/v2\/media?parent=62"}],"wp:term":[{"taxonomy":"author","embeddable":true,"href":"https:\/\/lapnem-facfan.ufms.br\/en\/wp-json\/wp\/v2\/coauthors?post=62"}],"curies":[{"name":"wp","href":"https:\/\/api.w.org\/{rel}","templated":true}]}}