{"id":64,"date":"2023-05-18T14:35:47","date_gmt":"2023-05-18T18:35:47","guid":{"rendered":"https:\/\/lapnem-facfan.ufms.br\/?page_id=64"},"modified":"2024-03-25T09:45:48","modified_gmt":"2024-03-25T13:45:48","slug":"preparo-de-amostras","status":"publish","type":"page","link":"https:\/\/lapnem-facfan.ufms.br\/en\/preparo-de-amostras\/","title":{"rendered":"Como preparar suas amostras"},"content":{"rendered":"<ul>\n<li style=\"text-align: justify\"><span class=\"C9DxTc \"><img fetchpriority=\"high\" decoding=\"async\" class=\"size-medium wp-image-71 alignright\" src=\"https:\/\/lapnem-facfan.ufms.br\/files\/2023\/05\/WhatsApp-Image-2023-05-18-at-15.08.08-169x300.jpeg\" alt=\"\" width=\"169\" height=\"300\" srcset=\"https:\/\/lapnem-facfan.ufms.br\/files\/2023\/05\/WhatsApp-Image-2023-05-18-at-15.08.08-169x300.jpeg 169w, https:\/\/lapnem-facfan.ufms.br\/files\/2023\/05\/WhatsApp-Image-2023-05-18-at-15.08.08-576x1024.jpeg 576w, https:\/\/lapnem-facfan.ufms.br\/files\/2023\/05\/WhatsApp-Image-2023-05-18-at-15.08.08-180x320.jpeg 180w, https:\/\/lapnem-facfan.ufms.br\/files\/2023\/05\/WhatsApp-Image-2023-05-18-at-15.08.08.jpeg 720w\" sizes=\"(max-width: 169px) 100vw, 169px\" \/> As amostras podem ser preparadas em seu laborat\u00f3rio ou no LAPNEM. <\/span><span class=\"C9DxTc \">Caso prepare em seu laborat\u00f3rio, realize o procedimento em ambiente limpo e livre de qualquer tipo de p\u00f3.<\/span><\/li>\n<li style=\"text-align: justify\">Os solventes usados devem ser grau HPLC e filtrados em membrana compat\u00edvel.<\/li>\n<li style=\"text-align: justify\"><span class=\"C9DxTc \">Para an\u00e1lise LC-MS a concentra\u00e7\u00e3o da amostra deve ser de 1mg\/mL e para infus\u00e3o direta 0,1 mg\/mL. Lembre-se de solubilizar o analito primeiramente com o solvente no qual ele \u00e9 mais sol\u00favel e s\u00f3 depois adicionar o solvente seguinte. C<\/span><span class=\"C9DxTc \">aso sua amostra continue insol\u00favel ou parcialmente insol\u00favel, coloque-a no ultrassom.\u00a0<\/span><\/li>\n<li style=\"text-align: justify\"><span class=\"C9DxTc \">Logo ap\u00f3s, filtre a solu\u00e7\u00e3o em filtro de seringa de 0,22um de PTFE e coloque em um vial identificado.<\/span><\/li>\n<li style=\"text-align: justify\">Os vials podem ser reutilizados, ap\u00f3s lavagem com agu\u00e1 Milli-Q seguida de metan<span class=\"C9DxTc \">ol HPLC filtrado (n\u00e3o usar detergente). Os filtros podem ser reutilizados at\u00e9 3 vezes. Usando a seringa de vidro, primeiramente passe \u00e1gua Milli-Q morna e depois metanol HPLC filtrado e deixe-os secando. Os filtros novos tamb\u00e9m devem ser limpos com metanol HPLC filtrado.\u00a0<\/span><\/li>\n<li style=\"text-align: justify\"><span class=\"C9DxTc \">Pedimos que os preparos das amostras, quando realizadas por alunos, seja supervisionada pelo orientador, pois a qualidade da amostra, como concentra\u00e7\u00e3o ideal e aus\u00eancia de contaminantes, \u00e9 de sua responsabilidade, al\u00e9m disso evita maiores danos ao equipamento e garante um bom resultado da an\u00e1lise.<\/span><\/li>\n<li style=\"text-align: justify\"><span class=\"C9DxTc \">Caso prefira preparar sua amostra em nosso laborat\u00f3rio, traga os vails e filtros que ser\u00e3o utilizados.<\/span><\/li>\n<\/ul>\n","protected":false},"excerpt":{"rendered":"<p>As amostras podem ser preparadas em seu laborat\u00f3rio ou no LAPNEM. Caso prepare em seu laborat\u00f3rio, realize o procedimento em ambiente limpo e livre de qualquer tipo de p\u00f3. Os solventes usados devem ser grau HPLC e filtrados em membrana compat\u00edvel. Para an\u00e1lise LC-MS a concentra\u00e7\u00e3o da amostra deve ser de 1mg\/mL e para infus\u00e3o [&hellip;]<\/p>\n","protected":false},"author":2573,"featured_media":0,"parent":0,"menu_order":0,"comment_status":"closed","ping_status":"closed","template":"","meta":{"footnotes":""},"coauthors":[],"class_list":["post-64","page","type-page","status-publish","hentry"],"_links":{"self":[{"href":"https:\/\/lapnem-facfan.ufms.br\/en\/wp-json\/wp\/v2\/pages\/64","targetHints":{"allow":["GET"]}}],"collection":[{"href":"https:\/\/lapnem-facfan.ufms.br\/en\/wp-json\/wp\/v2\/pages"}],"about":[{"href":"https:\/\/lapnem-facfan.ufms.br\/en\/wp-json\/wp\/v2\/types\/page"}],"author":[{"embeddable":true,"href":"https:\/\/lapnem-facfan.ufms.br\/en\/wp-json\/wp\/v2\/users\/2573"}],"replies":[{"embeddable":true,"href":"https:\/\/lapnem-facfan.ufms.br\/en\/wp-json\/wp\/v2\/comments?post=64"}],"version-history":[{"count":16,"href":"https:\/\/lapnem-facfan.ufms.br\/en\/wp-json\/wp\/v2\/pages\/64\/revisions"}],"predecessor-version":[{"id":185,"href":"https:\/\/lapnem-facfan.ufms.br\/en\/wp-json\/wp\/v2\/pages\/64\/revisions\/185"}],"wp:attachment":[{"href":"https:\/\/lapnem-facfan.ufms.br\/en\/wp-json\/wp\/v2\/media?parent=64"}],"wp:term":[{"taxonomy":"author","embeddable":true,"href":"https:\/\/lapnem-facfan.ufms.br\/en\/wp-json\/wp\/v2\/coauthors?post=64"}],"curies":[{"name":"wp","href":"https:\/\/api.w.org\/{rel}","templated":true}]}}